{"id":25,"date":"2022-01-11T11:07:27","date_gmt":"2022-01-11T11:07:27","guid":{"rendered":"http:\/\/localhost:8888\/wordpress\/homepage\/"},"modified":"2025-01-13T08:41:19","modified_gmt":"2025-01-13T08:41:19","slug":"homepage","status":"publish","type":"page","link":"https:\/\/www.lemanknit.ch\/en\/","title":{"rendered":"Un monde en crochet"},"content":{"rendered":"<div class=\"wp-block-cover alignfull is-style-default\"><span aria-hidden=\"true\" class=\"wp-block-cover__background has-background-dim-80 has-background-dim wp-block-cover__gradient-background has-background-gradient\" style=\"background:linear-gradient(181deg,rgba(255,255,255,0) 0%,rgb(255,255,255) 100%)\"><\/span><img data-recalc-dims=\"1\" fetchpriority=\"high\" decoding=\"async\" width=\"720\" height=\"300\" class=\"wp-block-cover__image-background wp-image-87\" alt=\"\" src=\"https:\/\/i0.wp.com\/www.lemanknit.ch\/wp-content\/uploads\/2022\/01\/coverHP-fleurs-crochet.jpg?resize=720%2C300&#038;ssl=1\" style=\"object-position:51% 100%\" data-object-fit=\"cover\" data-object-position=\"51% 100%\" srcset=\"https:\/\/i0.wp.com\/www.lemanknit.ch\/wp-content\/uploads\/2022\/01\/coverHP-fleurs-crochet.jpg?w=1200&amp;ssl=1 1200w, https:\/\/i0.wp.com\/www.lemanknit.ch\/wp-content\/uploads\/2022\/01\/coverHP-fleurs-crochet.jpg?resize=300%2C125&amp;ssl=1 300w, https:\/\/i0.wp.com\/www.lemanknit.ch\/wp-content\/uploads\/2022\/01\/coverHP-fleurs-crochet.jpg?resize=1024%2C427&amp;ssl=1 1024w, https:\/\/i0.wp.com\/www.lemanknit.ch\/wp-content\/uploads\/2022\/01\/coverHP-fleurs-crochet.jpg?resize=768%2C320&amp;ssl=1 768w, https:\/\/i0.wp.com\/www.lemanknit.ch\/wp-content\/uploads\/2022\/01\/coverHP-fleurs-crochet.jpg?resize=18%2C8&amp;ssl=1 18w, https:\/\/i0.wp.com\/www.lemanknit.ch\/wp-content\/uploads\/2022\/01\/coverHP-fleurs-crochet.jpg?resize=600%2C250&amp;ssl=1 600w\" sizes=\"(max-width: 720px) 100vw, 720px\" \/><div class=\"wp-block-cover__inner-container is-layout-flow wp-block-cover-is-layout-flow\"><h1 class=\"wp-block-heading has-text-align-center has-text-color\" id=\"bienvenue-sur-ma-boutique\" style=\"color:#474747\">Le site va bient\u00f4t ferm\u00e9. Je laisse encore les patrons gratuits quelques temps.<\/h1>\n\n<p class=\"has-text-align-center has-text-color has-regular-font-size\" style=\"color:#474747\">Retrouvez toutes les activit\u00e9s dont les cours sur le site de <a href=\"https:\/\/tricot-t.ch\/\" title=\"\">Tricot-T.ch<\/a><\/p>\n\n<div class=\"wp-block-button has-custom-width wp-block-button__width-100 is-style-outline is-style-outline--1\"><a class=\"wp-block-button__link has-grey-color has-text-color has-text-align-center no-border-radius wp-element-button\" href=\"https:\/\/tricot-t.ch\/\">TRICOT-T.CH<\/a><\/div><\/div><\/div><div style=\"height:20px\" aria-hidden=\"true\" class=\"wp-block-spacer\"><\/div><h2 class=\"wp-block-heading has-text-align-center has-huge-font-size\" id=\"nouveaux-produits\">New patterns<\/h2><div data-block-name=\"woocommerce\/product-new\" data-categories=\"[31,32]\" class=\"wc-block-grid wp-block-product-new wp-block-woocommerce-product-new wc-block-product-new has-3-columns has-multiple-rows\"><ul class=\"wc-block-grid__products\"><li class=\"wc-block-grid__product\">\n\t\t\t\t<a href=\"https:\/\/www.lemanknit.ch\/en\/product\/patron-oscar-la-chenille-modele-en-francais\/\" class=\"wc-block-grid__product-link\">\n\t\t\t\t\t\n\t\t\t\t\t<div class=\"wc-block-grid__product-image\"><img decoding=\"async\" width=\"300\" height=\"300\" src=\"https:\/\/i0.wp.com\/www.lemanknit.ch\/wp-content\/uploads\/2022\/03\/PTNEN003-Crochet-Pattern-OscarCaterpillar-FRA-cover.png?resize=300%2C300&amp;ssl=1\" class=\"attachment-woocommerce_thumbnail size-woocommerce_thumbnail\" alt=\"PATRON GRATUIT \u2013 Oscar la Chenille \u2013 Mod\u00e8le en fran\u00e7ais\" srcset=\"https:\/\/i0.wp.com\/www.lemanknit.ch\/wp-content\/uploads\/2022\/03\/PTNEN003-Crochet-Pattern-OscarCaterpillar-FRA-cover.png?w=1080&amp;ssl=1 1080w, https:\/\/i0.wp.com\/www.lemanknit.ch\/wp-content\/uploads\/2022\/03\/PTNEN003-Crochet-Pattern-OscarCaterpillar-FRA-cover.png?resize=300%2C300&amp;ssl=1 300w, https:\/\/i0.wp.com\/www.lemanknit.ch\/wp-content\/uploads\/2022\/03\/PTNEN003-Crochet-Pattern-OscarCaterpillar-FRA-cover.png?resize=1024%2C1024&amp;ssl=1 1024w, https:\/\/i0.wp.com\/www.lemanknit.ch\/wp-content\/uploads\/2022\/03\/PTNEN003-Crochet-Pattern-OscarCaterpillar-FRA-cover.png?resize=150%2C150&amp;ssl=1 150w, https:\/\/i0.wp.com\/www.lemanknit.ch\/wp-content\/uploads\/2022\/03\/PTNEN003-Crochet-Pattern-OscarCaterpillar-FRA-cover.png?resize=768%2C768&amp;ssl=1 768w, https:\/\/i0.wp.com\/www.lemanknit.ch\/wp-content\/uploads\/2022\/03\/PTNEN003-Crochet-Pattern-OscarCaterpillar-FRA-cover.png?resize=12%2C12&amp;ssl=1 12w, https:\/\/i0.wp.com\/www.lemanknit.ch\/wp-content\/uploads\/2022\/03\/PTNEN003-Crochet-Pattern-OscarCaterpillar-FRA-cover.png?resize=600%2C600&amp;ssl=1 600w, https:\/\/i0.wp.com\/www.lemanknit.ch\/wp-content\/uploads\/2022\/03\/PTNEN003-Crochet-Pattern-OscarCaterpillar-FRA-cover.png?resize=100%2C100&amp;ssl=1 100w\" sizes=\"(max-width: 300px) 100vw, 300px\" \/><\/div>\n\t\t\t\t\t<div class=\"wc-block-grid__product-title\">FREE PATTERN - Oscar the caterpillar - Instructions in French<\/div>\n\t\t\t\t<\/a>\n\t\t\t\t<div class=\"wc-block-grid__product-price price\"><span class=\"woocommerce-Price-amount amount\"><span class=\"woocommerce-Price-currencySymbol\">&#067;&#072;&#070;<\/span>&nbsp;0.00<\/span><\/div>\n\t\t\t\t\n\t\t\t\t<div class=\"wp-block-button wc-block-grid__product-add-to-cart\"><a href=\"?add-to-cart=494\" aria-label=\"Add to cart: \u201cPATRON GRATUIT \u2013 Oscar la Chenille \u2013 Mod\u00e8le en fran\u00e7ais\u201d\" data-quantity=\"1\" data-product_id=\"494\" data-product_sku=\"PTNFR003\" data-price=\"0\" rel=\"nofollow\" class=\"wp-block-button__link  add_to_cart_button ajax_add_to_cart\" data-no-translation=\"\" data-trp-gettext=\"\" data-no-translation-aria-label=\"\">Add to cart<\/a><\/div>\n\t\t\t<\/li><li class=\"wc-block-grid__product\">\n\t\t\t\t<a href=\"https:\/\/www.lemanknit.ch\/en\/product\/patron-oscar-la-chenille-modele-en-anglais\/\" class=\"wc-block-grid__product-link\">\n\t\t\t\t\t\n\t\t\t\t\t<div class=\"wc-block-grid__product-image\"><img decoding=\"async\" width=\"300\" height=\"300\" src=\"https:\/\/i0.wp.com\/www.lemanknit.ch\/wp-content\/uploads\/2022\/03\/PTNEN003-Crochet-Pattern-OscarCaterpillar-ENG-cover.png?resize=300%2C300&amp;ssl=1\" class=\"attachment-woocommerce_thumbnail size-woocommerce_thumbnail\" alt=\"English Crochet Pattern Oscar the Caterpillar\" srcset=\"https:\/\/i0.wp.com\/www.lemanknit.ch\/wp-content\/uploads\/2022\/03\/PTNEN003-Crochet-Pattern-OscarCaterpillar-ENG-cover.png?w=1080&amp;ssl=1 1080w, https:\/\/i0.wp.com\/www.lemanknit.ch\/wp-content\/uploads\/2022\/03\/PTNEN003-Crochet-Pattern-OscarCaterpillar-ENG-cover.png?resize=300%2C300&amp;ssl=1 300w, https:\/\/i0.wp.com\/www.lemanknit.ch\/wp-content\/uploads\/2022\/03\/PTNEN003-Crochet-Pattern-OscarCaterpillar-ENG-cover.png?resize=1024%2C1024&amp;ssl=1 1024w, https:\/\/i0.wp.com\/www.lemanknit.ch\/wp-content\/uploads\/2022\/03\/PTNEN003-Crochet-Pattern-OscarCaterpillar-ENG-cover.png?resize=150%2C150&amp;ssl=1 150w, https:\/\/i0.wp.com\/www.lemanknit.ch\/wp-content\/uploads\/2022\/03\/PTNEN003-Crochet-Pattern-OscarCaterpillar-ENG-cover.png?resize=768%2C768&amp;ssl=1 768w, https:\/\/i0.wp.com\/www.lemanknit.ch\/wp-content\/uploads\/2022\/03\/PTNEN003-Crochet-Pattern-OscarCaterpillar-ENG-cover.png?resize=12%2C12&amp;ssl=1 12w, https:\/\/i0.wp.com\/www.lemanknit.ch\/wp-content\/uploads\/2022\/03\/PTNEN003-Crochet-Pattern-OscarCaterpillar-ENG-cover.png?resize=600%2C600&amp;ssl=1 600w, https:\/\/i0.wp.com\/www.lemanknit.ch\/wp-content\/uploads\/2022\/03\/PTNEN003-Crochet-Pattern-OscarCaterpillar-ENG-cover.png?resize=100%2C100&amp;ssl=1 100w\" sizes=\"(max-width: 300px) 100vw, 300px\" \/><\/div>\n\t\t\t\t\t<div class=\"wc-block-grid__product-title\">FREE PATTERN - Oscar the caterpillar - Instructions in English<\/div>\n\t\t\t\t<\/a>\n\t\t\t\t<div class=\"wc-block-grid__product-price price\"><span class=\"woocommerce-Price-amount amount\"><span class=\"woocommerce-Price-currencySymbol\">&#067;&#072;&#070;<\/span>&nbsp;0.00<\/span><\/div>\n\t\t\t\t\n\t\t\t\t<div class=\"wp-block-button wc-block-grid__product-add-to-cart\"><a href=\"?add-to-cart=492\" aria-label=\"Add to cart: \u201cPATRON GRATUIT \u2013 Oscar la Chenille \u2013 Mod\u00e8le en anglais\u201d\" data-quantity=\"1\" data-product_id=\"492\" data-product_sku=\"PTNEN003\" data-price=\"0\" rel=\"nofollow\" class=\"wp-block-button__link  add_to_cart_button ajax_add_to_cart\" data-no-translation=\"\" data-trp-gettext=\"\" data-no-translation-aria-label=\"\">Add to cart<\/a><\/div>\n\t\t\t<\/li><li class=\"wc-block-grid__product\">\n\t\t\t\t<a href=\"https:\/\/www.lemanknit.ch\/en\/product\/patron-gratuit-cactus-saguaro-au-crochet-modele-en-anglais\/\" class=\"wc-block-grid__product-link\">\n\t\t\t\t\t\n\t\t\t\t\t<div class=\"wc-block-grid__product-image\"><img loading=\"lazy\" decoding=\"async\" width=\"300\" height=\"300\" src=\"https:\/\/i0.wp.com\/www.lemanknit.ch\/wp-content\/uploads\/2022\/02\/PTNEN002-Free-Crochet-Pattern-SaguaroCactus-EN-Lemanknit-1.png?resize=300%2C300&amp;ssl=1\" class=\"attachment-woocommerce_thumbnail size-woocommerce_thumbnail\" alt=\"Free crochet pattern. Saguaro Cactus\" srcset=\"https:\/\/i0.wp.com\/www.lemanknit.ch\/wp-content\/uploads\/2022\/02\/PTNEN002-Free-Crochet-Pattern-SaguaroCactus-EN-Lemanknit-1.png?w=1080&amp;ssl=1 1080w, https:\/\/i0.wp.com\/www.lemanknit.ch\/wp-content\/uploads\/2022\/02\/PTNEN002-Free-Crochet-Pattern-SaguaroCactus-EN-Lemanknit-1.png?resize=300%2C300&amp;ssl=1 300w, https:\/\/i0.wp.com\/www.lemanknit.ch\/wp-content\/uploads\/2022\/02\/PTNEN002-Free-Crochet-Pattern-SaguaroCactus-EN-Lemanknit-1.png?resize=1024%2C1024&amp;ssl=1 1024w, https:\/\/i0.wp.com\/www.lemanknit.ch\/wp-content\/uploads\/2022\/02\/PTNEN002-Free-Crochet-Pattern-SaguaroCactus-EN-Lemanknit-1.png?resize=150%2C150&amp;ssl=1 150w, https:\/\/i0.wp.com\/www.lemanknit.ch\/wp-content\/uploads\/2022\/02\/PTNEN002-Free-Crochet-Pattern-SaguaroCactus-EN-Lemanknit-1.png?resize=768%2C768&amp;ssl=1 768w, https:\/\/i0.wp.com\/www.lemanknit.ch\/wp-content\/uploads\/2022\/02\/PTNEN002-Free-Crochet-Pattern-SaguaroCactus-EN-Lemanknit-1.png?resize=12%2C12&amp;ssl=1 12w, https:\/\/i0.wp.com\/www.lemanknit.ch\/wp-content\/uploads\/2022\/02\/PTNEN002-Free-Crochet-Pattern-SaguaroCactus-EN-Lemanknit-1.png?resize=600%2C600&amp;ssl=1 600w, https:\/\/i0.wp.com\/www.lemanknit.ch\/wp-content\/uploads\/2022\/02\/PTNEN002-Free-Crochet-Pattern-SaguaroCactus-EN-Lemanknit-1.png?resize=100%2C100&amp;ssl=1 100w\" sizes=\"(max-width: 300px) 100vw, 300px\" \/><\/div>\n\t\t\t\t\t<div class=\"wc-block-grid__product-title\">FREE PATTERN - Crochet Saguaro cactus - instructions in English<\/div>\n\t\t\t\t<\/a>\n\t\t\t\t<div class=\"wc-block-grid__product-price price\"><span class=\"woocommerce-Price-amount amount\"><span class=\"woocommerce-Price-currencySymbol\">&#067;&#072;&#070;<\/span>&nbsp;0.00<\/span><\/div>\n\t\t\t\t\n\t\t\t\t<div class=\"wp-block-button wc-block-grid__product-add-to-cart\"><a href=\"?add-to-cart=379\" aria-label=\"Add to cart: \u201cPATRON GRATUIT \u2013 Cactus Saguaro au crochet \u2013 Mod\u00e8le en anglais\u201d\" data-quantity=\"1\" data-product_id=\"379\" data-product_sku=\"PTNEN002\" data-price=\"0\" rel=\"nofollow\" class=\"wp-block-button__link  add_to_cart_button ajax_add_to_cart\" data-no-translation=\"\" data-trp-gettext=\"\" data-no-translation-aria-label=\"\">Add to cart<\/a><\/div>\n\t\t\t<\/li><li class=\"wc-block-grid__product\">\n\t\t\t\t<a href=\"https:\/\/www.lemanknit.ch\/en\/product\/patron-gratuit-cactus-saguaro-au-crochet-modele-en-francais\/\" class=\"wc-block-grid__product-link\">\n\t\t\t\t\t\n\t\t\t\t\t<div class=\"wc-block-grid__product-image\"><img loading=\"lazy\" decoding=\"async\" width=\"300\" height=\"300\" src=\"https:\/\/i0.wp.com\/www.lemanknit.ch\/wp-content\/uploads\/2022\/02\/PTNFR002-Patron-Gratuit-crochet-SaguaroCactus-FR-Lemanknit-cover.png?resize=300%2C300&amp;ssl=1\" class=\"attachment-woocommerce_thumbnail size-woocommerce_thumbnail\" alt=\"Patron Gratuit crochet Saguaro Cactus FR Lemanknit cover\" srcset=\"https:\/\/i0.wp.com\/www.lemanknit.ch\/wp-content\/uploads\/2022\/02\/PTNFR002-Patron-Gratuit-crochet-SaguaroCactus-FR-Lemanknit-cover.png?w=1080&amp;ssl=1 1080w, https:\/\/i0.wp.com\/www.lemanknit.ch\/wp-content\/uploads\/2022\/02\/PTNFR002-Patron-Gratuit-crochet-SaguaroCactus-FR-Lemanknit-cover.png?resize=300%2C300&amp;ssl=1 300w, https:\/\/i0.wp.com\/www.lemanknit.ch\/wp-content\/uploads\/2022\/02\/PTNFR002-Patron-Gratuit-crochet-SaguaroCactus-FR-Lemanknit-cover.png?resize=1024%2C1024&amp;ssl=1 1024w, https:\/\/i0.wp.com\/www.lemanknit.ch\/wp-content\/uploads\/2022\/02\/PTNFR002-Patron-Gratuit-crochet-SaguaroCactus-FR-Lemanknit-cover.png?resize=150%2C150&amp;ssl=1 150w, https:\/\/i0.wp.com\/www.lemanknit.ch\/wp-content\/uploads\/2022\/02\/PTNFR002-Patron-Gratuit-crochet-SaguaroCactus-FR-Lemanknit-cover.png?resize=768%2C768&amp;ssl=1 768w, https:\/\/i0.wp.com\/www.lemanknit.ch\/wp-content\/uploads\/2022\/02\/PTNFR002-Patron-Gratuit-crochet-SaguaroCactus-FR-Lemanknit-cover.png?resize=12%2C12&amp;ssl=1 12w, https:\/\/i0.wp.com\/www.lemanknit.ch\/wp-content\/uploads\/2022\/02\/PTNFR002-Patron-Gratuit-crochet-SaguaroCactus-FR-Lemanknit-cover.png?resize=600%2C600&amp;ssl=1 600w, https:\/\/i0.wp.com\/www.lemanknit.ch\/wp-content\/uploads\/2022\/02\/PTNFR002-Patron-Gratuit-crochet-SaguaroCactus-FR-Lemanknit-cover.png?resize=100%2C100&amp;ssl=1 100w\" sizes=\"(max-width: 300px) 100vw, 300px\" \/><\/div>\n\t\t\t\t\t<div class=\"wc-block-grid__product-title\">FREE PATTERN - Crochet Saguaro cactus - instructions in French<\/div>\n\t\t\t\t<\/a>\n\t\t\t\t<div class=\"wc-block-grid__product-price price\"><span class=\"woocommerce-Price-amount amount\"><span class=\"woocommerce-Price-currencySymbol\">&#067;&#072;&#070;<\/span>&nbsp;0.00<\/span><\/div>\n\t\t\t\t\n\t\t\t\t<div class=\"wp-block-button wc-block-grid__product-add-to-cart\"><a href=\"?add-to-cart=373\" aria-label=\"Add to cart: \u201cPATRON GRATUIT \u2013 Cactus Saguaro au crochet \u2013 Mod\u00e8le en fran\u00e7ais\u201d\" data-quantity=\"1\" data-product_id=\"373\" data-product_sku=\"PTNFR002\" data-price=\"0\" rel=\"nofollow\" class=\"wp-block-button__link  add_to_cart_button ajax_add_to_cart\" data-no-translation=\"\" data-trp-gettext=\"\" data-no-translation-aria-label=\"\">Add to cart<\/a><\/div>\n\t\t\t<\/li><li class=\"wc-block-grid__product\">\n\t\t\t\t<a href=\"https:\/\/www.lemanknit.ch\/en\/product\/patron-porte-cles-au-crochet-cactus-en-forme-de-coeur-dans-son-pot-modele-en-anglais\/\" class=\"wc-block-grid__product-link\">\n\t\t\t\t\t\n\t\t\t\t\t<div class=\"wc-block-grid__product-image\"><img loading=\"lazy\" decoding=\"async\" width=\"300\" height=\"300\" src=\"https:\/\/i0.wp.com\/www.lemanknit.ch\/wp-content\/uploads\/2022\/02\/PTNEN001-Pattern-HeartShapedCactus-Lemanknit-cover-1.png?resize=300%2C300&amp;ssl=1\" class=\"attachment-woocommerce_thumbnail size-woocommerce_thumbnail\" alt=\"Patron crochet cactus en forme de coeur dans son pot\" srcset=\"https:\/\/i0.wp.com\/www.lemanknit.ch\/wp-content\/uploads\/2022\/02\/PTNEN001-Pattern-HeartShapedCactus-Lemanknit-cover-1.png?w=1080&amp;ssl=1 1080w, https:\/\/i0.wp.com\/www.lemanknit.ch\/wp-content\/uploads\/2022\/02\/PTNEN001-Pattern-HeartShapedCactus-Lemanknit-cover-1.png?resize=300%2C300&amp;ssl=1 300w, https:\/\/i0.wp.com\/www.lemanknit.ch\/wp-content\/uploads\/2022\/02\/PTNEN001-Pattern-HeartShapedCactus-Lemanknit-cover-1.png?resize=1024%2C1024&amp;ssl=1 1024w, https:\/\/i0.wp.com\/www.lemanknit.ch\/wp-content\/uploads\/2022\/02\/PTNEN001-Pattern-HeartShapedCactus-Lemanknit-cover-1.png?resize=150%2C150&amp;ssl=1 150w, https:\/\/i0.wp.com\/www.lemanknit.ch\/wp-content\/uploads\/2022\/02\/PTNEN001-Pattern-HeartShapedCactus-Lemanknit-cover-1.png?resize=768%2C768&amp;ssl=1 768w, https:\/\/i0.wp.com\/www.lemanknit.ch\/wp-content\/uploads\/2022\/02\/PTNEN001-Pattern-HeartShapedCactus-Lemanknit-cover-1.png?resize=12%2C12&amp;ssl=1 12w, https:\/\/i0.wp.com\/www.lemanknit.ch\/wp-content\/uploads\/2022\/02\/PTNEN001-Pattern-HeartShapedCactus-Lemanknit-cover-1.png?resize=600%2C600&amp;ssl=1 600w, https:\/\/i0.wp.com\/www.lemanknit.ch\/wp-content\/uploads\/2022\/02\/PTNEN001-Pattern-HeartShapedCactus-Lemanknit-cover-1.png?resize=100%2C100&amp;ssl=1 100w\" sizes=\"(max-width: 300px) 100vw, 300px\" \/><\/div>\n\t\t\t\t\t<div class=\"wc-block-grid__product-title\">PATRON GRATUIT &#8211; Porte-cl\u00e9s au crochet cactus en forme de coeur dans son pot &#8211; Mod\u00e8le en anglais<\/div>\n\t\t\t\t<\/a>\n\t\t\t\t<div class=\"wc-block-grid__product-price price\"><span class=\"woocommerce-Price-amount amount\"><span class=\"woocommerce-Price-currencySymbol\">&#067;&#072;&#070;<\/span>&nbsp;0.00<\/span><\/div>\n\t\t\t\t\n\t\t\t\t<div class=\"wp-block-button wc-block-grid__product-add-to-cart\"><a href=\"?add-to-cart=356\" aria-label=\"Add to cart: \u201cPATRON GRATUIT - Porte-cl\u00e9s au crochet cactus en forme de coeur dans son pot - Mod\u00e8le en anglais\u201d\" data-quantity=\"1\" data-product_id=\"356\" data-product_sku=\"PTNEN001\" data-price=\"0\" rel=\"nofollow\" class=\"wp-block-button__link  add_to_cart_button ajax_add_to_cart\" data-no-translation=\"\" data-trp-gettext=\"\" data-no-translation-aria-label=\"\">Add to cart<\/a><\/div>\n\t\t\t<\/li><li class=\"wc-block-grid__product\">\n\t\t\t\t<a href=\"https:\/\/www.lemanknit.ch\/en\/product\/patron-porte-cles-au-crochet-cactus-en-forme-de-coeur-dans-son-pot-modele-en-francais\/\" class=\"wc-block-grid__product-link\">\n\t\t\t\t\t\n\t\t\t\t\t<div class=\"wc-block-grid__product-image\"><img loading=\"lazy\" decoding=\"async\" width=\"300\" height=\"300\" src=\"https:\/\/i0.wp.com\/www.lemanknit.ch\/wp-content\/uploads\/2022\/02\/PTNFR001-Patron-CactusCoeur-Lemanknit-cover.png?resize=300%2C300&amp;ssl=1\" class=\"attachment-woocommerce_thumbnail size-woocommerce_thumbnail\" alt=\"Patron crochet cactus en forme de coeur dans son pot\" srcset=\"https:\/\/i0.wp.com\/www.lemanknit.ch\/wp-content\/uploads\/2022\/02\/PTNFR001-Patron-CactusCoeur-Lemanknit-cover.png?w=1080&amp;ssl=1 1080w, https:\/\/i0.wp.com\/www.lemanknit.ch\/wp-content\/uploads\/2022\/02\/PTNFR001-Patron-CactusCoeur-Lemanknit-cover.png?resize=300%2C300&amp;ssl=1 300w, https:\/\/i0.wp.com\/www.lemanknit.ch\/wp-content\/uploads\/2022\/02\/PTNFR001-Patron-CactusCoeur-Lemanknit-cover.png?resize=1024%2C1024&amp;ssl=1 1024w, https:\/\/i0.wp.com\/www.lemanknit.ch\/wp-content\/uploads\/2022\/02\/PTNFR001-Patron-CactusCoeur-Lemanknit-cover.png?resize=150%2C150&amp;ssl=1 150w, https:\/\/i0.wp.com\/www.lemanknit.ch\/wp-content\/uploads\/2022\/02\/PTNFR001-Patron-CactusCoeur-Lemanknit-cover.png?resize=768%2C768&amp;ssl=1 768w, https:\/\/i0.wp.com\/www.lemanknit.ch\/wp-content\/uploads\/2022\/02\/PTNFR001-Patron-CactusCoeur-Lemanknit-cover.png?resize=12%2C12&amp;ssl=1 12w, https:\/\/i0.wp.com\/www.lemanknit.ch\/wp-content\/uploads\/2022\/02\/PTNFR001-Patron-CactusCoeur-Lemanknit-cover.png?resize=600%2C600&amp;ssl=1 600w, https:\/\/i0.wp.com\/www.lemanknit.ch\/wp-content\/uploads\/2022\/02\/PTNFR001-Patron-CactusCoeur-Lemanknit-cover.png?resize=100%2C100&amp;ssl=1 100w\" sizes=\"(max-width: 300px) 100vw, 300px\" \/><\/div>\n\t\t\t\t\t<div class=\"wc-block-grid__product-title\">PATRON GRATUIT &#8211; Porte-cl\u00e9s au crochet cactus en forme de coeur dans son pot &#8211; Mod\u00e8le en fran\u00e7ais<\/div>\n\t\t\t\t<\/a>\n\t\t\t\t<div class=\"wc-block-grid__product-price price\"><span class=\"woocommerce-Price-amount amount\"><span class=\"woocommerce-Price-currencySymbol\">&#067;&#072;&#070;<\/span>&nbsp;0.00<\/span><\/div>\n\t\t\t\t\n\t\t\t\t<div class=\"wp-block-button wc-block-grid__product-add-to-cart\"><a href=\"?add-to-cart=350\" aria-label=\"Add to cart: \u201cPATRON GRATUIT - Porte-cl\u00e9s au crochet cactus en forme de coeur dans son pot - Mod\u00e8le en fran\u00e7ais\u201d\" data-quantity=\"1\" data-product_id=\"350\" data-product_sku=\"PTNFR001\" data-price=\"0\" rel=\"nofollow\" class=\"wp-block-button__link  add_to_cart_button ajax_add_to_cart\" data-no-translation=\"\" data-trp-gettext=\"\" data-no-translation-aria-label=\"\">Add to cart<\/a><\/div>\n\t\t\t<\/li><\/ul><\/div><div style=\"height:25px\" aria-hidden=\"true\" class=\"wp-block-spacer\"><\/div><div class=\"wp-block-media-text alignwide has-media-on-the-right is-stacked-on-mobile is-image-fill-element is-style-default\" style=\"grid-template-columns:auto 44%\"><div class=\"wp-block-media-text__content\"><h3 class=\"wp-block-heading\" id=\"le-crochet-et-moi\">Crochet &amp; me<\/h3>\n\n<p class=\"has-normal-font-size\">Crochet is a not a so old technique since it appeared in Europe in the 18th century. It's a technique that resisted me for a long time, but I managed to tame it a few years ago. <\/p>\n\n<p>Because of crochet, I even gave up knitting a bit. I can't help it ... single crochet and double crochet are my new addictions!<\/p>\n\n<p><\/p><\/div><figure class=\"wp-block-media-text__media\"><img data-recalc-dims=\"1\" loading=\"lazy\" decoding=\"async\" width=\"720\" height=\"897\" src=\"https:\/\/i0.wp.com\/www.lemanknit.ch\/wp-content\/uploads\/2022\/01\/main-crochet-fleur.jpg?resize=720%2C897&#038;ssl=1\" alt=\"\" class=\"wp-image-31 size-full\" style=\"object-position:51% 50%\" srcset=\"https:\/\/i0.wp.com\/www.lemanknit.ch\/wp-content\/uploads\/2022\/01\/main-crochet-fleur.jpg?resize=822%2C1024&amp;ssl=1 822w, https:\/\/i0.wp.com\/www.lemanknit.ch\/wp-content\/uploads\/2022\/01\/main-crochet-fleur.jpg?resize=600%2C747&amp;ssl=1 600w, https:\/\/i0.wp.com\/www.lemanknit.ch\/wp-content\/uploads\/2022\/01\/main-crochet-fleur.jpg?resize=241%2C300&amp;ssl=1 241w, https:\/\/i0.wp.com\/www.lemanknit.ch\/wp-content\/uploads\/2022\/01\/main-crochet-fleur.jpg?resize=768%2C957&amp;ssl=1 768w, https:\/\/i0.wp.com\/www.lemanknit.ch\/wp-content\/uploads\/2022\/01\/main-crochet-fleur.jpg?w=834&amp;ssl=1 834w\" sizes=\"(max-width: 720px) 100vw, 720px\" \/><\/figure><\/div><div class=\"wp-block-media-text alignwide is-stacked-on-mobile is-image-fill-element\" style=\"grid-template-columns:37% auto\"><figure class=\"wp-block-media-text__media\"><img data-recalc-dims=\"1\" loading=\"lazy\" decoding=\"async\" width=\"720\" height=\"960\" src=\"https:\/\/i0.wp.com\/www.lemanknit.ch\/wp-content\/uploads\/2022\/01\/crochets-1.jpg?resize=720%2C960&#038;ssl=1\" alt=\"\" class=\"wp-image-35 size-large\" style=\"object-position:50% 50%\" srcset=\"https:\/\/i0.wp.com\/www.lemanknit.ch\/wp-content\/uploads\/2022\/01\/crochets-1-scaled.jpg?resize=768%2C1024&amp;ssl=1 768w, https:\/\/i0.wp.com\/www.lemanknit.ch\/wp-content\/uploads\/2022\/01\/crochets-1-scaled.jpg?resize=600%2C800&amp;ssl=1 600w, https:\/\/i0.wp.com\/www.lemanknit.ch\/wp-content\/uploads\/2022\/01\/crochets-1-scaled.jpg?resize=225%2C300&amp;ssl=1 225w, https:\/\/i0.wp.com\/www.lemanknit.ch\/wp-content\/uploads\/2022\/01\/crochets-1-scaled.jpg?resize=1152%2C1536&amp;ssl=1 1152w, https:\/\/i0.wp.com\/www.lemanknit.ch\/wp-content\/uploads\/2022\/01\/crochets-1-scaled.jpg?resize=1536%2C2048&amp;ssl=1 1536w, https:\/\/i0.wp.com\/www.lemanknit.ch\/wp-content\/uploads\/2022\/01\/crochets-1-scaled.jpg?resize=1568%2C2091&amp;ssl=1 1568w, https:\/\/i0.wp.com\/www.lemanknit.ch\/wp-content\/uploads\/2022\/01\/crochets-1-scaled.jpg?resize=1320%2C1760&amp;ssl=1 1320w, https:\/\/i0.wp.com\/www.lemanknit.ch\/wp-content\/uploads\/2022\/01\/crochets-1-scaled.jpg?w=1920&amp;ssl=1 1920w, https:\/\/i0.wp.com\/www.lemanknit.ch\/wp-content\/uploads\/2022\/01\/crochets-1-scaled.jpg?w=1440&amp;ssl=1 1440w\" sizes=\"(max-width: 720px) 100vw, 720px\" \/><\/figure><div class=\"wp-block-media-text__content\"><h3 class=\"wp-block-heading\" id=\"crochet-le-plus-merveilleux-des-outils\">Crochet, the most wonderful tool!<\/h3>\n\n<p class=\"has-normal-font-size\">I use all hook sizes but I think 2.25mm and 1.75mm are my favorite at the moment. <\/p>\n\n<p>With all these hooks that I can create so many different shapes: circles, cones, squares, triangles ... <\/p>\n\n<p>With crochet the possibilities are endless!<\/p><\/div><\/div><p><\/p>","protected":false},"excerpt":{"rendered":"<p>Nouveaux patrons Le crochet et moi Le crochet est une technique pas si vieille que \u00e7a puisqu&rsquo;elle apparait en Europe au XVIII\u00e8me. C&rsquo;est une technique qui m&rsquo;a longtemps r\u00e9sist\u00e9e mais j&rsquo;ai r\u00e9ussi \u00e0 la dompter il y a quelques ann\u00e9es. A cause du crochet, j&rsquo;ai m\u00eame un peu d\u00e9laiss\u00e9 le tricot mais je n&rsquo;y peux rien &#8230; les mailles serr\u00e9es [&hellip;]<\/p>","protected":false},"author":1,"featured_media":0,"parent":0,"menu_order":0,"comment_status":"closed","ping_status":"closed","template":"","meta":{"_monsterinsights_skip_tracking":false,"_monsterinsights_sitenote_active":false,"_monsterinsights_sitenote_note":"","_monsterinsights_sitenote_category":0,"footnotes":""},"class_list":["post-25","page","type-page","status-publish","hentry"],"aioseo_notices":[],"jetpack_sharing_enabled":true,"_links":{"self":[{"href":"https:\/\/www.lemanknit.ch\/en\/wp-json\/wp\/v2\/pages\/25","targetHints":{"allow":["GET"]}}],"collection":[{"href":"https:\/\/www.lemanknit.ch\/en\/wp-json\/wp\/v2\/pages"}],"about":[{"href":"https:\/\/www.lemanknit.ch\/en\/wp-json\/wp\/v2\/types\/page"}],"author":[{"embeddable":true,"href":"https:\/\/www.lemanknit.ch\/en\/wp-json\/wp\/v2\/users\/1"}],"replies":[{"embeddable":true,"href":"https:\/\/www.lemanknit.ch\/en\/wp-json\/wp\/v2\/comments?post=25"}],"version-history":[{"count":15,"href":"https:\/\/www.lemanknit.ch\/en\/wp-json\/wp\/v2\/pages\/25\/revisions"}],"predecessor-version":[{"id":979,"href":"https:\/\/www.lemanknit.ch\/en\/wp-json\/wp\/v2\/pages\/25\/revisions\/979"}],"wp:attachment":[{"href":"https:\/\/www.lemanknit.ch\/en\/wp-json\/wp\/v2\/media?parent=25"}],"curies":[{"name":"wp","href":"https:\/\/api.w.org\/{rel}","templated":true}]}}