{"id":539,"date":"2022-05-12T14:35:28","date_gmt":"2022-05-12T14:35:28","guid":{"rendered":"https:\/\/www.lemanknit.ch\/?post_type=product&#038;p=539"},"modified":"2023-11-04T14:20:46","modified_gmt":"2023-11-04T14:20:46","slug":"dinette-au-crochet-chou-fleur","status":"publish","type":"product","link":"https:\/\/www.lemanknit.ch\/en\/product\/dinette-au-crochet-chou-fleur\/","title":{"rendered":"Crochet dinette - Cauliflower"},"content":{"rendered":"<p>Little crochet cauliflower for an adorable handmade crochet dinette. The leaves and the cabbage are not sewn together which allows the cabbage to come off and get back into the leaves.<\/p>\n<p>The cauliflower is about 10 centimeters in diameter, the cabbage 8 centimeters in diameter.<\/p>\n<p>Made with 100% cotton yarn. The white of the cauliflower is crocheted with 78% cotton and 22% acrylic yarn. Padding in polyester wadding.<\/p>\n<p>Entirely hand crocheted with care, in Switzerland.<\/p>\n<p>Model from the book <em>Adorable D\u00eenette<\/em> by Marie Clesse SoCroch.<\/p>\n<p>** R\u00e9alis\u00e9 sur commande, le l\u00e9gume ne sera jamais exactement identique \u00e0 celui de la photo.<\/p>","protected":false},"excerpt":{"rendered":"<p>Little crochet cauliflower for an adorable crochet dinette. Leaves and cabbage are not sewn together. Entirely handmade with care, in Switzerland.<\/p>","protected":false},"featured_media":540,"comment_status":"open","ping_status":"closed","template":"","meta":{"_monsterinsights_skip_tracking":false,"_monsterinsights_sitenote_active":false,"_monsterinsights_sitenote_note":"","_monsterinsights_sitenote_category":0},"product_brand":[],"product_cat":[48],"product_tag":[46,45,49],"class_list":{"0":"post-539","1":"product","2":"type-product","3":"status-publish","4":"has-post-thumbnail","6":"product_cat-dinette-au-crochet","7":"product_tag-amigurumi","8":"product_tag-crochet","9":"product_tag-dinette","11":"first","12":"outofstock","13":"shipping-taxable","14":"purchasable","15":"product-type-simple"},"aioseo_notices":[],"jetpack_sharing_enabled":true,"_links":{"self":[{"href":"https:\/\/www.lemanknit.ch\/en\/wp-json\/wp\/v2\/product\/539","targetHints":{"allow":["GET"]}}],"collection":[{"href":"https:\/\/www.lemanknit.ch\/en\/wp-json\/wp\/v2\/product"}],"about":[{"href":"https:\/\/www.lemanknit.ch\/en\/wp-json\/wp\/v2\/types\/product"}],"replies":[{"embeddable":true,"href":"https:\/\/www.lemanknit.ch\/en\/wp-json\/wp\/v2\/comments?post=539"}],"wp:featuredmedia":[{"embeddable":true,"href":"https:\/\/www.lemanknit.ch\/en\/wp-json\/wp\/v2\/media\/540"}],"wp:attachment":[{"href":"https:\/\/www.lemanknit.ch\/en\/wp-json\/wp\/v2\/media?parent=539"}],"wp:term":[{"taxonomy":"product_brand","embeddable":true,"href":"https:\/\/www.lemanknit.ch\/en\/wp-json\/wp\/v2\/product_brand?post=539"},{"taxonomy":"product_cat","embeddable":true,"href":"https:\/\/www.lemanknit.ch\/en\/wp-json\/wp\/v2\/product_cat?post=539"},{"taxonomy":"product_tag","embeddable":true,"href":"https:\/\/www.lemanknit.ch\/en\/wp-json\/wp\/v2\/product_tag?post=539"}],"curies":[{"name":"wp","href":"https:\/\/api.w.org\/{rel}","templated":true}]}}