{"id":588,"date":"2022-06-10T09:44:36","date_gmt":"2022-06-10T09:44:36","guid":{"rendered":"https:\/\/www.lemanknit.ch\/?post_type=product&#038;p=588"},"modified":"2023-11-04T14:19:14","modified_gmt":"2023-11-04T14:19:14","slug":"dinette-au-crochet-citron-entier","status":"publish","type":"product","link":"https:\/\/www.lemanknit.ch\/en\/product\/dinette-au-crochet-citron-entier\/","title":{"rendered":"Crochet dinette - Lemon"},"content":{"rendered":"<p>Little crocheted lemon for an adorable handmade crochet dinette.<\/p>\n<p>The lemon measures about 5 centimeters in diameter.<\/p>\n<p>Made with 100% cotton yarn. Padding in polyester wadding.<\/p>\n<p>Entirely hand crocheted with care, in Switzerland.<\/p>\n<p>Model from the book <em>Adorable D\u00eenette<\/em> by Marie Clesse SoCroch.<\/p>\n<p>** R\u00e9alis\u00e9 sur commande, le fruit ne sera jamais exactement identique \u00e0 celui de la photo.<\/p>","protected":false},"excerpt":{"rendered":"<p>Little crocheted lemon for an adorable crochet dinette. Entirely handmade with care, in Switzerland.<\/p>","protected":false},"featured_media":590,"comment_status":"open","ping_status":"closed","template":"","meta":{"_monsterinsights_skip_tracking":false,"_monsterinsights_sitenote_active":false,"_monsterinsights_sitenote_note":"","_monsterinsights_sitenote_category":0},"product_brand":[],"product_cat":[48],"product_tag":[46,45,49],"class_list":{"0":"post-588","1":"product","2":"type-product","3":"status-publish","4":"has-post-thumbnail","6":"product_cat-dinette-au-crochet","7":"product_tag-amigurumi","8":"product_tag-crochet","9":"product_tag-dinette","11":"first","12":"outofstock","13":"shipping-taxable","14":"purchasable","15":"product-type-simple"},"aioseo_notices":[],"jetpack_sharing_enabled":true,"_links":{"self":[{"href":"https:\/\/www.lemanknit.ch\/en\/wp-json\/wp\/v2\/product\/588","targetHints":{"allow":["GET"]}}],"collection":[{"href":"https:\/\/www.lemanknit.ch\/en\/wp-json\/wp\/v2\/product"}],"about":[{"href":"https:\/\/www.lemanknit.ch\/en\/wp-json\/wp\/v2\/types\/product"}],"replies":[{"embeddable":true,"href":"https:\/\/www.lemanknit.ch\/en\/wp-json\/wp\/v2\/comments?post=588"}],"wp:featuredmedia":[{"embeddable":true,"href":"https:\/\/www.lemanknit.ch\/en\/wp-json\/wp\/v2\/media\/590"}],"wp:attachment":[{"href":"https:\/\/www.lemanknit.ch\/en\/wp-json\/wp\/v2\/media?parent=588"}],"wp:term":[{"taxonomy":"product_brand","embeddable":true,"href":"https:\/\/www.lemanknit.ch\/en\/wp-json\/wp\/v2\/product_brand?post=588"},{"taxonomy":"product_cat","embeddable":true,"href":"https:\/\/www.lemanknit.ch\/en\/wp-json\/wp\/v2\/product_cat?post=588"},{"taxonomy":"product_tag","embeddable":true,"href":"https:\/\/www.lemanknit.ch\/en\/wp-json\/wp\/v2\/product_tag?post=588"}],"curies":[{"name":"wp","href":"https:\/\/api.w.org\/{rel}","templated":true}]}}