{"id":627,"date":"2022-07-04T07:09:47","date_gmt":"2022-07-04T07:09:47","guid":{"rendered":"https:\/\/www.lemanknit.ch\/?post_type=product&#038;p=627"},"modified":"2023-11-04T08:09:41","modified_gmt":"2023-11-04T08:09:41","slug":"dinette-au-crochet-banane","status":"publish","type":"product","link":"https:\/\/www.lemanknit.ch\/en\/product\/dinette-au-crochet-banane\/","title":{"rendered":"Crochet dinette - Banana"},"content":{"rendered":"<p>Little crocheted yellow banana for an adorable crochet dinette. Entirely handmade with care, in Switzerland. The inside of the banana peels off and can be put back.<\/p>\n<p>The banana measures about 14 centimeters.<\/p>\n<p>Made with 100% cotton yarn. Padding in polyester wadding.<\/p>\n<p>Entirely hand crocheted with care, in Switzerland.<\/p>\n<p>Model from the book <em>Adorable D\u00eenette<\/em> by Marie Clesse SoCroch.<\/p>\n<p>** R\u00e9alis\u00e9 sur commande, le fruit ne sera jamais exactement identique \u00e0 celui de la photo.<\/p>","protected":false},"excerpt":{"rendered":"<p>Little crocheted banana for an adorable crochet dinette. Entirely handmade with care, in Switzerland. The inside of the banana peels off.<\/p>","protected":false},"featured_media":624,"comment_status":"open","ping_status":"closed","template":"","meta":{"_monsterinsights_skip_tracking":false,"_monsterinsights_sitenote_active":false,"_monsterinsights_sitenote_note":"","_monsterinsights_sitenote_category":0},"product_brand":[],"product_cat":[48],"product_tag":[46,45,49],"class_list":{"0":"post-627","1":"product","2":"type-product","3":"status-publish","4":"has-post-thumbnail","6":"product_cat-dinette-au-crochet","7":"product_tag-amigurumi","8":"product_tag-crochet","9":"product_tag-dinette","11":"first","12":"outofstock","13":"shipping-taxable","14":"purchasable","15":"product-type-simple"},"aioseo_notices":[],"jetpack_sharing_enabled":true,"_links":{"self":[{"href":"https:\/\/www.lemanknit.ch\/en\/wp-json\/wp\/v2\/product\/627","targetHints":{"allow":["GET"]}}],"collection":[{"href":"https:\/\/www.lemanknit.ch\/en\/wp-json\/wp\/v2\/product"}],"about":[{"href":"https:\/\/www.lemanknit.ch\/en\/wp-json\/wp\/v2\/types\/product"}],"replies":[{"embeddable":true,"href":"https:\/\/www.lemanknit.ch\/en\/wp-json\/wp\/v2\/comments?post=627"}],"wp:featuredmedia":[{"embeddable":true,"href":"https:\/\/www.lemanknit.ch\/en\/wp-json\/wp\/v2\/media\/624"}],"wp:attachment":[{"href":"https:\/\/www.lemanknit.ch\/en\/wp-json\/wp\/v2\/media?parent=627"}],"wp:term":[{"taxonomy":"product_brand","embeddable":true,"href":"https:\/\/www.lemanknit.ch\/en\/wp-json\/wp\/v2\/product_brand?post=627"},{"taxonomy":"product_cat","embeddable":true,"href":"https:\/\/www.lemanknit.ch\/en\/wp-json\/wp\/v2\/product_cat?post=627"},{"taxonomy":"product_tag","embeddable":true,"href":"https:\/\/www.lemanknit.ch\/en\/wp-json\/wp\/v2\/product_tag?post=627"}],"curies":[{"name":"wp","href":"https:\/\/api.w.org\/{rel}","templated":true}]}}